{"id":28613,"date":"2025-06-10T07:50:49","date_gmt":"2025-06-10T07:50:49","guid":{"rendered":"https:\/\/bronbiala.com.pl\/strona\/?post_type=product&#038;p=28613"},"modified":"2025-09-19T06:07:26","modified_gmt":"2025-09-19T06:07:26","slug":"zabka-do-bagnetow-francuskich","status":"publish","type":"product","link":"https:\/\/bronbiala.com.pl\/en\/shop\/zabka-do-bagnetow-francuskich\/","title":{"rendered":"\u017babka do bagnet\u00f3w francuskich"},"content":{"rendered":"<p>\u017babka do bagnet\u00f3w francuskich<\/p>\n","protected":false},"excerpt":{"rendered":"<p>\u017babka do bagnet\u00f3w francuskich<\/p>\n","protected":false},"featured_media":28597,"template":"","meta":{"_siteseo_robots_primary_cat":"75","pagelayer_contact_templates":[],"_pagelayer_content":""},"product_brand":[],"product_cat":[75],"product_tag":[],"class_list":{"0":"post-28613","1":"product","2":"type-product","3":"status-publish","4":"has-post-thumbnail","6":"product_cat-zabki","8":"first","9":"outofstock","10":"taxable","11":"shipping-taxable","12":"purchasable","13":"product-type-simple"},"_links":{"self":[{"href":"https:\/\/bronbiala.com.pl\/en\/wp-json\/wp\/v2\/product\/28613","targetHints":{"allow":["GET"]}}],"collection":[{"href":"https:\/\/bronbiala.com.pl\/en\/wp-json\/wp\/v2\/product"}],"about":[{"href":"https:\/\/bronbiala.com.pl\/en\/wp-json\/wp\/v2\/types\/product"}],"version-history":[{"count":1,"href":"https:\/\/bronbiala.com.pl\/en\/wp-json\/wp\/v2\/product\/28613\/revisions"}],"predecessor-version":[{"id":28614,"href":"https:\/\/bronbiala.com.pl\/en\/wp-json\/wp\/v2\/product\/28613\/revisions\/28614"}],"wp:featuredmedia":[{"embeddable":true,"href":"https:\/\/bronbiala.com.pl\/en\/wp-json\/wp\/v2\/media\/28597"}],"wp:attachment":[{"href":"https:\/\/bronbiala.com.pl\/en\/wp-json\/wp\/v2\/media?parent=28613"}],"wp:term":[{"taxonomy":"product_brand","embeddable":true,"href":"https:\/\/bronbiala.com.pl\/en\/wp-json\/wp\/v2\/product_brand?post=28613"},{"taxonomy":"product_cat","embeddable":true,"href":"https:\/\/bronbiala.com.pl\/en\/wp-json\/wp\/v2\/product_cat?post=28613"},{"taxonomy":"product_tag","embeddable":true,"href":"https:\/\/bronbiala.com.pl\/en\/wp-json\/wp\/v2\/product_tag?post=28613"}],"curies":[{"name":"wp","href":"https:\/\/api.w.org\/{rel}","templated":true}]}}