{"id":28611,"date":"2025-06-10T07:48:17","date_gmt":"2025-06-10T07:48:17","guid":{"rendered":"https:\/\/bronbiala.com.pl\/strona\/?post_type=product&#038;p=28611"},"modified":"2025-09-19T06:08:42","modified_gmt":"2025-09-19T06:08:42","slug":"zabka-do-bagnetu-argentynskiego-1891-1909","status":"publish","type":"product","link":"https:\/\/bronbiala.com.pl\/en\/shop\/zabka-do-bagnetu-argentynskiego-1891-1909\/","title":{"rendered":"\u017babka do bagnetu argenty\u0144skiego 1891 ,1909"},"content":{"rendered":"<p>\u017babka do bagnetu argenty\u0144skiego 1891 ,1909<\/p>\n","protected":false},"excerpt":{"rendered":"<p>\u017babka do bagnetu argenty\u0144skiego 1891 ,1909<\/p>\n","protected":false},"featured_media":28603,"template":"","meta":{"_siteseo_robots_primary_cat":"75","pagelayer_contact_templates":[],"_pagelayer_content":""},"product_brand":[],"product_cat":[75],"product_tag":[],"class_list":{"0":"post-28611","1":"product","2":"type-product","3":"status-publish","4":"has-post-thumbnail","6":"product_cat-zabki","8":"first","9":"outofstock","10":"taxable","11":"shipping-taxable","12":"purchasable","13":"product-type-simple"},"_links":{"self":[{"href":"https:\/\/bronbiala.com.pl\/en\/wp-json\/wp\/v2\/product\/28611","targetHints":{"allow":["GET"]}}],"collection":[{"href":"https:\/\/bronbiala.com.pl\/en\/wp-json\/wp\/v2\/product"}],"about":[{"href":"https:\/\/bronbiala.com.pl\/en\/wp-json\/wp\/v2\/types\/product"}],"version-history":[{"count":1,"href":"https:\/\/bronbiala.com.pl\/en\/wp-json\/wp\/v2\/product\/28611\/revisions"}],"predecessor-version":[{"id":28612,"href":"https:\/\/bronbiala.com.pl\/en\/wp-json\/wp\/v2\/product\/28611\/revisions\/28612"}],"wp:featuredmedia":[{"embeddable":true,"href":"https:\/\/bronbiala.com.pl\/en\/wp-json\/wp\/v2\/media\/28603"}],"wp:attachment":[{"href":"https:\/\/bronbiala.com.pl\/en\/wp-json\/wp\/v2\/media?parent=28611"}],"wp:term":[{"taxonomy":"product_brand","embeddable":true,"href":"https:\/\/bronbiala.com.pl\/en\/wp-json\/wp\/v2\/product_brand?post=28611"},{"taxonomy":"product_cat","embeddable":true,"href":"https:\/\/bronbiala.com.pl\/en\/wp-json\/wp\/v2\/product_cat?post=28611"},{"taxonomy":"product_tag","embeddable":true,"href":"https:\/\/bronbiala.com.pl\/en\/wp-json\/wp\/v2\/product_tag?post=28611"}],"curies":[{"name":"wp","href":"https:\/\/api.w.org\/{rel}","templated":true}]}}