{"id":28423,"date":"2025-06-09T17:38:34","date_gmt":"2025-06-09T17:38:34","guid":{"rendered":"https:\/\/bronbiala.com.pl\/strona\/?post_type=product&#038;p=28423"},"modified":"2025-09-19T06:34:39","modified_gmt":"2025-09-19T06:34:39","slug":"zabki-jugoslowianskie-do-bagnetu-mauser","status":"publish","type":"product","link":"https:\/\/bronbiala.com.pl\/en\/shop\/zabki-jugoslowianskie-do-bagnetu-mauser\/","title":{"rendered":"\u017babki jugos\u0142owia\u0144skie do bagnetu Mauser"},"content":{"rendered":"<h1>Oryginalne \u017cabki do bagnetu jugos\u0142owia\u0144skiego model 1924\/48 stan dobry .<\/h1>\n<h1>\u017cabki pasuj\u0105 do innych bagnet\u00f3w typu Mauser (polskich niemieckich belgijskich austriackich czeskich) kt\u00f3re maja zaczep na pochwie jak polskie i niemieckie bagnety.Przyk\u0142adowe bagnety na zdj\u0119ciach<\/h1>\n<h1>Cena za sztuk\u0119.<\/h1>\n","protected":false},"excerpt":{"rendered":"<p>Oryginalne \u017cabki do bagnetu jugos\u0142owia\u0144skiego model 1924\/48 stan dobry . \u017cabki pasuj\u0105 do innych bagnet\u00f3w typu Mauser (polskich niemieckich belgijskich<\/p>\n","protected":false},"featured_media":28426,"template":"","meta":{"_siteseo_robots_primary_cat":"75","pagelayer_contact_templates":[],"_pagelayer_content":""},"product_brand":[],"product_cat":[75],"product_tag":[],"class_list":{"0":"post-28423","1":"product","2":"type-product","3":"status-publish","4":"has-post-thumbnail","6":"product_cat-zabki","8":"first","9":"outofstock","10":"taxable","11":"shipping-taxable","12":"purchasable","13":"product-type-simple"},"_links":{"self":[{"href":"https:\/\/bronbiala.com.pl\/en\/wp-json\/wp\/v2\/product\/28423","targetHints":{"allow":["GET"]}}],"collection":[{"href":"https:\/\/bronbiala.com.pl\/en\/wp-json\/wp\/v2\/product"}],"about":[{"href":"https:\/\/bronbiala.com.pl\/en\/wp-json\/wp\/v2\/types\/product"}],"version-history":[{"count":2,"href":"https:\/\/bronbiala.com.pl\/en\/wp-json\/wp\/v2\/product\/28423\/revisions"}],"predecessor-version":[{"id":28487,"href":"https:\/\/bronbiala.com.pl\/en\/wp-json\/wp\/v2\/product\/28423\/revisions\/28487"}],"wp:featuredmedia":[{"embeddable":true,"href":"https:\/\/bronbiala.com.pl\/en\/wp-json\/wp\/v2\/media\/28426"}],"wp:attachment":[{"href":"https:\/\/bronbiala.com.pl\/en\/wp-json\/wp\/v2\/media?parent=28423"}],"wp:term":[{"taxonomy":"product_brand","embeddable":true,"href":"https:\/\/bronbiala.com.pl\/en\/wp-json\/wp\/v2\/product_brand?post=28423"},{"taxonomy":"product_cat","embeddable":true,"href":"https:\/\/bronbiala.com.pl\/en\/wp-json\/wp\/v2\/product_cat?post=28423"},{"taxonomy":"product_tag","embeddable":true,"href":"https:\/\/bronbiala.com.pl\/en\/wp-json\/wp\/v2\/product_tag?post=28423"}],"curies":[{"name":"wp","href":"https:\/\/api.w.org\/{rel}","templated":true}]}}